{"id":784,"date":"2023-07-30T19:33:47","date_gmt":"2023-07-30T22:33:47","guid":{"rendered":"https:\/\/dreamprintdesign.com\/?page_id=784"},"modified":"2023-07-30T19:41:50","modified_gmt":"2023-07-30T22:41:50","slug":"sobre-nos","status":"publish","type":"page","link":"https:\/\/dreamprintdesign.com\/?page_id=784","title":{"rendered":"Sobre N\u00f3s"},"content":{"rendered":"\t\t<div data-elementor-type=\"wp-page\" data-elementor-id=\"784\" class=\"elementor elementor-784\">\n\t\t\t\t\t\t\t<div class=\"elementor-element elementor-element-bcde4aa e-con-boxed e-flex e-con\" data-id=\"bcde4aa\" data-element_type=\"container\" data-settings=\"{&quot;background_background&quot;:&quot;classic&quot;,&quot;content_width&quot;:&quot;boxed&quot;}\">\n\t\t\t\t\t<div class=\"e-con-inner\">\n\t\t\t\t<div class=\"elementor-element elementor-element-262725f elementor-widget elementor-widget-heading\" data-id=\"262725f\" data-element_type=\"widget\" data-widget_type=\"heading.default\">\n\t\t\t\t<div class=\"elementor-widget-container\">\n\t\t\t<style>\/*! elementor - v3.13.3 - 28-05-2023 *\/\n.elementor-heading-title{padding:0;margin:0;line-height:1}.elementor-widget-heading .elementor-heading-title[class*=elementor-size-]>a{color:inherit;font-size:inherit;line-height:inherit}.elementor-widget-heading .elementor-heading-title.elementor-size-small{font-size:15px}.elementor-widget-heading .elementor-heading-title.elementor-size-medium{font-size:19px}.elementor-widget-heading .elementor-heading-title.elementor-size-large{font-size:29px}.elementor-widget-heading .elementor-heading-title.elementor-size-xl{font-size:39px}.elementor-widget-heading .elementor-heading-title.elementor-size-xxl{font-size:59px}<\/style><h2 class=\"elementor-heading-title elementor-size-default\">Sobre N\u00f3s<\/h2>\t\t<\/div>\n\t\t\t\t<\/div>\n\t\t\t\t\t<\/div>\n\t\t\t\t<\/div>\n\t\t<div class=\"elementor-element elementor-element-57617fa e-con-boxed e-flex e-con\" data-id=\"57617fa\" data-element_type=\"container\" data-settings=\"{&quot;content_width&quot;:&quot;boxed&quot;}\">\n\t\t\t\t\t<div class=\"e-con-inner\">\n\t\t\t\t<div class=\"elementor-element elementor-element-71ef535 elementor-widget__width-initial elementor-widget-mobile__width-inherit elementor-widget elementor-widget-text-editor\" data-id=\"71ef535\" data-element_type=\"widget\" data-widget_type=\"text-editor.default\">\n\t\t\t\t<div class=\"elementor-widget-container\">\n\t\t\t<style>\/*! elementor - v3.13.3 - 28-05-2023 *\/\n.elementor-widget-text-editor.elementor-drop-cap-view-stacked .elementor-drop-cap{background-color:#69727d;color:#fff}.elementor-widget-text-editor.elementor-drop-cap-view-framed .elementor-drop-cap{color:#69727d;border:3px solid;background-color:transparent}.elementor-widget-text-editor:not(.elementor-drop-cap-view-default) .elementor-drop-cap{margin-top:8px}.elementor-widget-text-editor:not(.elementor-drop-cap-view-default) .elementor-drop-cap-letter{width:1em;height:1em}.elementor-widget-text-editor .elementor-drop-cap{float:left;text-align:center;line-height:1;font-size:50px}.elementor-widget-text-editor .elementor-drop-cap-letter{display:inline-block}<\/style>\t\t\t\t<h2><strong>Conhe\u00e7a a DreamPrint\u00a0<\/strong><\/h2><p>Somos a <a href=\"https:\/\/dreamprintdesign.com\/\">DreamPrint<\/a> uma equipe apaixonada por arte e criatividade, impulsionados pela busca incans\u00e1vel de inova\u00e7\u00e3o e excel\u00eancia em cada projeto que realizamos. Nossa jornada come\u00e7ou com a miss\u00e3o de trazer ideias \u00e0 vida e transformar conceitos em realidade tang\u00edvel. Ao longo dos anos, consolidamos nossa posi\u00e7\u00e3o como uma refer\u00eancia na ind\u00fastria, ajudando in\u00fameros clientes a alcan\u00e7arem sucesso atrav\u00e9s de nossos servi\u00e7os de alta qualidade.<\/p><p>Nossa abordagem \u00e9 centrada no cliente, pois acreditamos que cada projeto \u00e9 \u00fanico e deve refletir a identidade e os valores de quem o idealiza. Colocamos o cliente no centro do processo criativo, ouvindo suas necessidades, compreendendo suas aspira\u00e7\u00f5es e colaborando de perto para materializar sua vis\u00e3o. Isso nos permite entregar solu\u00e7\u00f5es personalizadas e sob medida, que superam expectativas e causam um impacto positivo.<\/p><p>Nossa equipe \u00e9 composta por profissionais talentosos e experientes, incluindo designers gr\u00e1ficos, ilustradores, especialistas em impress\u00e3o e t\u00e9cnicos dedicados, todos unidos por um objetivo comum: entregar resultados excepcionais. Estamos sempre buscando aprimorar nossas habilidades e acompanhar as \u00faltimas tend\u00eancias do mundo do design e da tecnologia de impress\u00e3o, garantindo que possamos oferecer aos nossos clientes os melhores e mais inovadores produtos.<\/p><p>Aqui, valorizamos a qualidade em cada detalhe. Utilizamos equipamentos de ponta e materiais de primeira linha para garantir que nossas impress\u00f5es sejam impec\u00e1veis e impactantes. Cada projeto passa por um rigoroso processo de controle de qualidade para assegurar que atenda aos mais altos padr\u00f5es, proporcionando resultados que impressionam tanto em termos de design quanto de execu\u00e7\u00e3o.<\/p><p>Al\u00e9m disso, temos um compromisso com a sustentabilidade e responsabilidade ambiental. Investimos em pr\u00e1ticas sustent\u00e1veis e materiais ecologicamente corretos sempre que poss\u00edvel, contribuindo para um futuro mais verde e consciente.<\/p><p>Seja para pequenas empresas, grandes corpora\u00e7\u00f5es ou indiv\u00edduos com vis\u00f5es \u00fanicas, estamos aqui para ajud\u00e1-los a se destacarem no mundo competitivo do design e da impress\u00e3o gr\u00e1fica. Nossa dedica\u00e7\u00e3o em superar desafios, somada \u00e0 nossa paix\u00e3o por criar obras de arte impressas, nos impulsiona a ir al\u00e9m do comum e a alcan\u00e7ar o extraordin\u00e1rio.<\/p><p>Ent\u00e3o, se voc\u00ea est\u00e1 em busca de uma parceria criativa que transformar\u00e1 suas ideias em projetos not\u00e1veis, convidamos voc\u00ea a se juntar a n\u00f3s nessa jornada. Acreditamos que o design \u00e9 a ess\u00eancia da comunica\u00e7\u00e3o visual, e estamos prontos para tornar sua marca, seu evento ou seu produto memor\u00e1vel atrav\u00e9s do poder das imagens e das cores.<\/p><p>Conte conosco para revolucionar sua identidade visual e levar sua mensagem ao mundo com autenticidade e sofistica\u00e7\u00e3o. Juntos, podemos criar um futuro inspirador, onde a arte e a impress\u00e3o gr\u00e1fica caminham lado a lado, impulsionando o sucesso de nossos clientes e inspirando a todos com beleza e criatividade.<\/p><h4><a href=\"https:\/\/dreamprintdesign.com\/?page_id=24\">D\u00favidas ou fale conosco.<\/a><\/h4>\t\t\t\t\t\t<\/div>\n\t\t\t\t<\/div>\n\t\t\t\t<div class=\"elementor-element elementor-element-6357041 elementor-widget-mobile__width-inherit elementor-widget elementor-widget-image\" data-id=\"6357041\" data-element_type=\"widget\" data-widget_type=\"image.default\">\n\t\t\t\t<div class=\"elementor-widget-container\">\n\t\t\t<style>\/*! elementor - v3.13.3 - 28-05-2023 *\/\n.elementor-widget-image{text-align:center}.elementor-widget-image a{display:inline-block}.elementor-widget-image a img[src$=\".svg\"]{width:48px}.elementor-widget-image img{vertical-align:middle;display:inline-block}<\/style>\t\t\t\t\t\t\t\t\t\t\t\t<img loading=\"lazy\" decoding=\"async\" width=\"500\" height=\"500\" src=\"https:\/\/dreamprintdesign.com\/wp-content\/uploads\/2023\/06\/1.png\" class=\"attachment-large size-large wp-image-15\" alt=\"\" srcset=\"https:\/\/dreamprintdesign.com\/wp-content\/uploads\/2023\/06\/1.png 500w, https:\/\/dreamprintdesign.com\/wp-content\/uploads\/2023\/06\/1-300x300.png 300w, https:\/\/dreamprintdesign.com\/wp-content\/uploads\/2023\/06\/1-100x100.png 100w, https:\/\/dreamprintdesign.com\/wp-content\/uploads\/2023\/06\/1-64x64.png 64w, https:\/\/dreamprintdesign.com\/wp-content\/uploads\/2023\/06\/1-150x150.png 150w\" sizes=\"auto, (max-width: 500px) 100vw, 500px\" \/>\t\t\t\t\t\t\t\t\t\t\t\t\t\t\t<\/div>\n\t\t\t\t<\/div>\n\t\t\t\t\t<\/div>\n\t\t\t\t<\/div>\n\t\t\t\t\t\t\t<\/div>\n\t\t","protected":false},"excerpt":{"rendered":"<p>Conhe\u00e7a a DreamPrint\u00a0 Somos a DreamPrint uma equipe apaixonada por arte e criatividade, impulsionados pela busca incans\u00e1vel de inova\u00e7\u00e3o e excel\u00eancia em cada projeto que realizamos. Nossa jornada come\u00e7ou com a miss\u00e3o de trazer ideias \u00e0 vida e transformar conceitos em realidade tang\u00edvel. Ao longo dos anos, consolidamos nossa posi\u00e7\u00e3o como uma refer\u00eancia na ind\u00fastria, [&hellip;]<\/p>\n","protected":false},"author":1,"featured_media":0,"parent":0,"menu_order":0,"comment_status":"closed","ping_status":"closed","template":"elementor_header_footer","meta":{"_mi_skip_tracking":false,"_monsterinsights_sitenote_active":false,"_monsterinsights_sitenote_note":"","_monsterinsights_sitenote_category":0,"footnotes":""},"class_list":["post-784","page","type-page","status-publish","hentry"],"_links":{"self":[{"href":"https:\/\/dreamprintdesign.com\/index.php?rest_route=\/wp\/v2\/pages\/784","targetHints":{"allow":["GET"]}}],"collection":[{"href":"https:\/\/dreamprintdesign.com\/index.php?rest_route=\/wp\/v2\/pages"}],"about":[{"href":"https:\/\/dreamprintdesign.com\/index.php?rest_route=\/wp\/v2\/types\/page"}],"author":[{"embeddable":true,"href":"https:\/\/dreamprintdesign.com\/index.php?rest_route=\/wp\/v2\/users\/1"}],"replies":[{"embeddable":true,"href":"https:\/\/dreamprintdesign.com\/index.php?rest_route=%2Fwp%2Fv2%2Fcomments&post=784"}],"version-history":[{"count":10,"href":"https:\/\/dreamprintdesign.com\/index.php?rest_route=\/wp\/v2\/pages\/784\/revisions"}],"predecessor-version":[{"id":794,"href":"https:\/\/dreamprintdesign.com\/index.php?rest_route=\/wp\/v2\/pages\/784\/revisions\/794"}],"wp:attachment":[{"href":"https:\/\/dreamprintdesign.com\/index.php?rest_route=%2Fwp%2Fv2%2Fmedia&parent=784"}],"curies":[{"name":"wp","href":"https:\/\/api.w.org\/{rel}","templated":true}]}}